{"id":116,"date":"2021-12-29T14:38:27","date_gmt":"2021-12-29T14:38:27","guid":{"rendered":"https:\/\/urlaub.kaprun-talblick.at\/?page_id=116"},"modified":"2023-08-27T16:54:48","modified_gmt":"2023-08-27T16:54:48","slug":"perfekte-lage","status":"publish","type":"page","link":"https:\/\/www.kaprun-talblick.at\/en\/perfekte-lage\/","title":{"rendered":"Perfect location"},"content":{"rendered":"\nngg_shortcode_0_placeholder\n\n\n\n<p>Unser Appartement Haus Talblick befindet sich in ruhiger Lage etwas oberhalb von Kaprun (ca. 15 Gehminuten vom Zentrum entfernt). Vom Balkon aus k\u00f6nnen Sie den wundersch\u00f6nen Panoramablick auf Kaprun genie\u00dfen!&nbsp; &nbsp;<\/p>\n\n\n\n<p><strong>Im Winter<\/strong> &#8211; Top Lage &#8211; direkt am <a data-type=\"URL\" data-id=\"https:\/\/www.kitzsteinhorn.at\/de\/winter\/maiskogel\" href=\"https:\/\/www.kitzsteinhorn.at\/de\/winter\/maiskogel\" target=\"_blank\" rel=\"noreferrer noopener\">Skigebiet Maiskogel<\/a> und der <a href=\"https:\/\/www.kitzsteinhorn.at\/de\/k-onnection\" target=\"_blank\" rel=\"noreferrer noopener\">3K&nbsp;K-onnection<\/a> zum Kitzsteinhorn \u2013 Skifahren bis vor die Haust\u00fcre!<\/p>\n\n\n\n<p><strong>Im Sommer<\/strong> ist unser Hausberg, der Maiskogel, ein idealer Ausgangspunkt f\u00fcr erholsame Berg-, Almwanderungen und Mountainbiketouren. Zahlreiche Almh\u00fctten locken mit \u00f6sterreichischen Schmankerln. Genie\u00dfen Sie den Panoramaausblick auf die umliegende Bergwelt. Die Region Zell am See-Kaprun ist ideal f\u00fcr Ihren Familienurlaub.<\/p>\n\n\n\n<p><strong>Nicht zu vergessen:<\/strong> die Ganzjahresrodelbahn &#8222;<a href=\"https:\/\/www.kitzsteinhorn.at\/de\/winter\/maiskogel\/maisiflitzer\" data-type=\"URL\" data-id=\"https:\/\/www.kitzsteinhorn.at\/de\/winter\/maiskogel\/maisiflitzer\" target=\"_blank\" rel=\"noreferrer noopener\">Maisiflitzer<\/a>&#8220; \u2013 ein Highlight f\u00fcr Gro\u00df und Klein!<\/p>\n\n\n\t\t<div\n            id=\"wpmapblock_f44eaab3\"\n            data-settings='{&quot;map_marker&quot;:[{&quot;lat&quot;:&quot;47.2724011&quot;,&quot;lng&quot;:&quot;12.7502614&quot;,&quot;title&quot;:&quot;Appartement Haus Talblick&quot;,&quot;content&quot;:&quot;&quot;,&quot;iconType&quot;:&quot;default&quot;,&quot;customIconUrl&quot;:&quot;&quot;,&quot;customIconWidth&quot;:&quot;25&quot;,&quot;customIconHeight&quot;:&quot;40&quot;}],&quot;map_zoom&quot;:&quot;9&quot;,&quot;scroll_wheel_zoom&quot;:false,&quot;map_type&quot;:&quot;GM&quot;,&quot;center_index&quot;:0}'\n            class=\"wpmapblockrender\"\n            style=\"\n\t\t\twidth: 100%;\n\t\t\theight: 502px;\n\t\t\"\n            >\n        <\/div>\n        \n\n\n<p><\/p>\n\n\n\n<div class=\"wp-block-columns is-layout-flex wp-container-core-columns-is-layout-9d6595d7 wp-block-columns-is-layout-flex\"><\/div>\n","protected":false},"excerpt":{"rendered":"<p>Unser Appartement Haus Talblick befindet sich in ruhiger Lage etwas oberhalb von Kaprun (ca. 15 Gehminuten vom Zentrum entfernt). Vom Balkon aus k\u00f6nnen Sie den wundersch\u00f6nen Panoramablick auf Kaprun genie\u00dfen!&nbsp; &nbsp; Im Winter &#8211; Top Lage &#8211; direkt am Skigebiet Maiskogel und der 3K&nbsp;K-onnection zum Kitzsteinhorn \u2013 Skifahren bis vor [&hellip;]<\/p>\n","protected":false},"author":1,"featured_media":301,"parent":0,"menu_order":0,"comment_status":"closed","ping_status":"closed","template":"","meta":{"ngg_post_thumbnail":0,"footnotes":""},"class_list":["post-116","page","type-page","status-publish","has-post-thumbnail","hentry"],"yoast_head":"<!-- This site is optimized with the Yoast SEO plugin v27.3 - https:\/\/yoast.com\/product\/yoast-seo-wordpress\/ -->\n<title>Perfekte Lage - Startseite<\/title>\n<meta name=\"robots\" content=\"index, follow, max-snippet:-1, max-image-preview:large, max-video-preview:-1\" \/>\n<link rel=\"canonical\" href=\"https:\/\/www.kaprun-talblick.at\/en\/perfekte-lage\/\" \/>\n<meta property=\"og:locale\" content=\"en_GB\" \/>\n<meta property=\"og:type\" content=\"article\" \/>\n<meta property=\"og:title\" content=\"Perfekte Lage - Startseite\" \/>\n<meta property=\"og:description\" content=\"Unser Appartement Haus Talblick befindet sich in ruhiger Lage etwas oberhalb von Kaprun (ca. 15 Gehminuten vom Zentrum entfernt). Vom Balkon aus k\u00f6nnen Sie den wundersch\u00f6nen Panoramablick auf Kaprun genie\u00dfen!&nbsp; &nbsp; Im Winter &#8211; Top Lage &#8211; direkt am Skigebiet Maiskogel und der 3K&nbsp;K-onnection zum Kitzsteinhorn \u2013 Skifahren bis vor [&hellip;]\" \/>\n<meta property=\"og:url\" content=\"https:\/\/www.kaprun-talblick.at\/en\/perfekte-lage\/\" \/>\n<meta property=\"og:site_name\" content=\"Startseite\" \/>\n<meta property=\"article:publisher\" content=\"https:\/\/www.facebook.com\/AppartementTalblick\/\" \/>\n<meta property=\"article:modified_time\" content=\"2023-08-27T16:54:48+00:00\" \/>\n<meta property=\"og:image\" content=\"https:\/\/www.kaprun-talblick.at\/wp-content\/uploads\/2021\/12\/cropped-BG2.jpg\" \/>\n\t<meta property=\"og:image:width\" content=\"1879\" \/>\n\t<meta property=\"og:image:height\" content=\"1080\" \/>\n\t<meta property=\"og:image:type\" content=\"image\/jpeg\" \/>\n<meta name=\"twitter:card\" content=\"summary_large_image\" \/>\n<meta name=\"twitter:label1\" content=\"Estimated reading time\" \/>\n\t<meta name=\"twitter:data1\" content=\"1 minute\" \/>\n<script type=\"application\/ld+json\" class=\"yoast-schema-graph\">{\"@context\":\"https:\\\/\\\/schema.org\",\"@graph\":[{\"@type\":\"WebPage\",\"@id\":\"https:\\\/\\\/www.kaprun-talblick.at\\\/perfekte-lage\\\/\",\"url\":\"https:\\\/\\\/www.kaprun-talblick.at\\\/perfekte-lage\\\/\",\"name\":\"Perfekte Lage - Startseite\",\"isPartOf\":{\"@id\":\"https:\\\/\\\/www.kaprun-talblick.at\\\/#website\"},\"primaryImageOfPage\":{\"@id\":\"https:\\\/\\\/www.kaprun-talblick.at\\\/perfekte-lage\\\/#primaryimage\"},\"image\":{\"@id\":\"https:\\\/\\\/www.kaprun-talblick.at\\\/perfekte-lage\\\/#primaryimage\"},\"thumbnailUrl\":\"https:\\\/\\\/www.kaprun-talblick.at\\\/wp-content\\\/uploads\\\/2021\\\/12\\\/cropped-BG2.jpg\",\"datePublished\":\"2021-12-29T14:38:27+00:00\",\"dateModified\":\"2023-08-27T16:54:48+00:00\",\"breadcrumb\":{\"@id\":\"https:\\\/\\\/www.kaprun-talblick.at\\\/perfekte-lage\\\/#breadcrumb\"},\"inLanguage\":\"en-GB\",\"potentialAction\":[{\"@type\":\"ReadAction\",\"target\":[\"https:\\\/\\\/www.kaprun-talblick.at\\\/perfekte-lage\\\/\"]}]},{\"@type\":\"ImageObject\",\"inLanguage\":\"en-GB\",\"@id\":\"https:\\\/\\\/www.kaprun-talblick.at\\\/perfekte-lage\\\/#primaryimage\",\"url\":\"https:\\\/\\\/www.kaprun-talblick.at\\\/wp-content\\\/uploads\\\/2021\\\/12\\\/cropped-BG2.jpg\",\"contentUrl\":\"https:\\\/\\\/www.kaprun-talblick.at\\\/wp-content\\\/uploads\\\/2021\\\/12\\\/cropped-BG2.jpg\",\"width\":1879,\"height\":1080},{\"@type\":\"BreadcrumbList\",\"@id\":\"https:\\\/\\\/www.kaprun-talblick.at\\\/perfekte-lage\\\/#breadcrumb\",\"itemListElement\":[{\"@type\":\"ListItem\",\"position\":1,\"name\":\"Startseite\",\"item\":\"https:\\\/\\\/www.kaprun-talblick.at\\\/\"},{\"@type\":\"ListItem\",\"position\":2,\"name\":\"Perfekte Lage\"}]},{\"@type\":\"WebSite\",\"@id\":\"https:\\\/\\\/www.kaprun-talblick.at\\\/#website\",\"url\":\"https:\\\/\\\/www.kaprun-talblick.at\\\/\",\"name\":\"Startseite\",\"description\":\"Willkommen im Haus Talblick\",\"publisher\":{\"@id\":\"https:\\\/\\\/www.kaprun-talblick.at\\\/#organization\"},\"potentialAction\":[{\"@type\":\"SearchAction\",\"target\":{\"@type\":\"EntryPoint\",\"urlTemplate\":\"https:\\\/\\\/www.kaprun-talblick.at\\\/?s={search_term_string}\"},\"query-input\":{\"@type\":\"PropertyValueSpecification\",\"valueRequired\":true,\"valueName\":\"search_term_string\"}}],\"inLanguage\":\"en-GB\"},{\"@type\":\"Organization\",\"@id\":\"https:\\\/\\\/www.kaprun-talblick.at\\\/#organization\",\"name\":\"Haus Talblick\",\"url\":\"https:\\\/\\\/www.kaprun-talblick.at\\\/\",\"logo\":{\"@type\":\"ImageObject\",\"inLanguage\":\"en-GB\",\"@id\":\"https:\\\/\\\/www.kaprun-talblick.at\\\/#\\\/schema\\\/logo\\\/image\\\/\",\"url\":\"https:\\\/\\\/urlaub.kaprun-talblick.at\\\/wp-content\\\/uploads\\\/2022\\\/01\\\/IMG_20220107_120004-scaled.jpg\",\"contentUrl\":\"https:\\\/\\\/urlaub.kaprun-talblick.at\\\/wp-content\\\/uploads\\\/2022\\\/01\\\/IMG_20220107_120004-scaled.jpg\",\"width\":2560,\"height\":1920,\"caption\":\"Haus Talblick\"},\"image\":{\"@id\":\"https:\\\/\\\/www.kaprun-talblick.at\\\/#\\\/schema\\\/logo\\\/image\\\/\"},\"sameAs\":[\"https:\\\/\\\/www.facebook.com\\\/AppartementTalblick\\\/\"]}]}<\/script>\n<!-- \/ Yoast SEO plugin. -->","yoast_head_json":{"title":"Perfekte Lage - Startseite","robots":{"index":"index","follow":"follow","max-snippet":"max-snippet:-1","max-image-preview":"max-image-preview:large","max-video-preview":"max-video-preview:-1"},"canonical":"https:\/\/www.kaprun-talblick.at\/en\/perfekte-lage\/","og_locale":"en_GB","og_type":"article","og_title":"Perfekte Lage - Startseite","og_description":"Unser Appartement Haus Talblick befindet sich in ruhiger Lage etwas oberhalb von Kaprun (ca. 15 Gehminuten vom Zentrum entfernt). Vom Balkon aus k\u00f6nnen Sie den wundersch\u00f6nen Panoramablick auf Kaprun genie\u00dfen!&nbsp; &nbsp; Im Winter &#8211; Top Lage &#8211; direkt am Skigebiet Maiskogel und der 3K&nbsp;K-onnection zum Kitzsteinhorn \u2013 Skifahren bis vor [&hellip;]","og_url":"https:\/\/www.kaprun-talblick.at\/en\/perfekte-lage\/","og_site_name":"Startseite","article_publisher":"https:\/\/www.facebook.com\/AppartementTalblick\/","article_modified_time":"2023-08-27T16:54:48+00:00","og_image":[{"width":1879,"height":1080,"url":"https:\/\/www.kaprun-talblick.at\/wp-content\/uploads\/2021\/12\/cropped-BG2.jpg","type":"image\/jpeg"}],"twitter_card":"summary_large_image","twitter_misc":{"Estimated reading time":"1 minute"},"schema":{"@context":"https:\/\/schema.org","@graph":[{"@type":"WebPage","@id":"https:\/\/www.kaprun-talblick.at\/perfekte-lage\/","url":"https:\/\/www.kaprun-talblick.at\/perfekte-lage\/","name":"Perfekte Lage - Startseite","isPartOf":{"@id":"https:\/\/www.kaprun-talblick.at\/#website"},"primaryImageOfPage":{"@id":"https:\/\/www.kaprun-talblick.at\/perfekte-lage\/#primaryimage"},"image":{"@id":"https:\/\/www.kaprun-talblick.at\/perfekte-lage\/#primaryimage"},"thumbnailUrl":"https:\/\/www.kaprun-talblick.at\/wp-content\/uploads\/2021\/12\/cropped-BG2.jpg","datePublished":"2021-12-29T14:38:27+00:00","dateModified":"2023-08-27T16:54:48+00:00","breadcrumb":{"@id":"https:\/\/www.kaprun-talblick.at\/perfekte-lage\/#breadcrumb"},"inLanguage":"en-GB","potentialAction":[{"@type":"ReadAction","target":["https:\/\/www.kaprun-talblick.at\/perfekte-lage\/"]}]},{"@type":"ImageObject","inLanguage":"en-GB","@id":"https:\/\/www.kaprun-talblick.at\/perfekte-lage\/#primaryimage","url":"https:\/\/www.kaprun-talblick.at\/wp-content\/uploads\/2021\/12\/cropped-BG2.jpg","contentUrl":"https:\/\/www.kaprun-talblick.at\/wp-content\/uploads\/2021\/12\/cropped-BG2.jpg","width":1879,"height":1080},{"@type":"BreadcrumbList","@id":"https:\/\/www.kaprun-talblick.at\/perfekte-lage\/#breadcrumb","itemListElement":[{"@type":"ListItem","position":1,"name":"Startseite","item":"https:\/\/www.kaprun-talblick.at\/"},{"@type":"ListItem","position":2,"name":"Perfekte Lage"}]},{"@type":"WebSite","@id":"https:\/\/www.kaprun-talblick.at\/#website","url":"https:\/\/www.kaprun-talblick.at\/","name":"Homepage","description":"Willkommen im Haus Talblick","publisher":{"@id":"https:\/\/www.kaprun-talblick.at\/#organization"},"potentialAction":[{"@type":"SearchAction","target":{"@type":"EntryPoint","urlTemplate":"https:\/\/www.kaprun-talblick.at\/?s={search_term_string}"},"query-input":{"@type":"PropertyValueSpecification","valueRequired":true,"valueName":"search_term_string"}}],"inLanguage":"en-GB"},{"@type":"Organization","@id":"https:\/\/www.kaprun-talblick.at\/#organization","name":"Haus Talblick","url":"https:\/\/www.kaprun-talblick.at\/","logo":{"@type":"ImageObject","inLanguage":"en-GB","@id":"https:\/\/www.kaprun-talblick.at\/#\/schema\/logo\/image\/","url":"https:\/\/urlaub.kaprun-talblick.at\/wp-content\/uploads\/2022\/01\/IMG_20220107_120004-scaled.jpg","contentUrl":"https:\/\/urlaub.kaprun-talblick.at\/wp-content\/uploads\/2022\/01\/IMG_20220107_120004-scaled.jpg","width":2560,"height":1920,"caption":"Haus Talblick"},"image":{"@id":"https:\/\/www.kaprun-talblick.at\/#\/schema\/logo\/image\/"},"sameAs":["https:\/\/www.facebook.com\/AppartementTalblick\/"]}]}},"_links":{"self":[{"href":"https:\/\/www.kaprun-talblick.at\/en\/wp-json\/wp\/v2\/pages\/116","targetHints":{"allow":["GET"]}}],"collection":[{"href":"https:\/\/www.kaprun-talblick.at\/en\/wp-json\/wp\/v2\/pages"}],"about":[{"href":"https:\/\/www.kaprun-talblick.at\/en\/wp-json\/wp\/v2\/types\/page"}],"author":[{"embeddable":true,"href":"https:\/\/www.kaprun-talblick.at\/en\/wp-json\/wp\/v2\/users\/1"}],"replies":[{"embeddable":true,"href":"https:\/\/www.kaprun-talblick.at\/en\/wp-json\/wp\/v2\/comments?post=116"}],"version-history":[{"count":21,"href":"https:\/\/www.kaprun-talblick.at\/en\/wp-json\/wp\/v2\/pages\/116\/revisions"}],"predecessor-version":[{"id":712,"href":"https:\/\/www.kaprun-talblick.at\/en\/wp-json\/wp\/v2\/pages\/116\/revisions\/712"}],"wp:featuredmedia":[{"embeddable":true,"href":"https:\/\/www.kaprun-talblick.at\/en\/wp-json\/wp\/v2\/media\/301"}],"wp:attachment":[{"href":"https:\/\/www.kaprun-talblick.at\/en\/wp-json\/wp\/v2\/media?parent=116"}],"curies":[{"name":"wp","href":"https:\/\/api.w.org\/{rel}","templated":true}]}}