{"id":134,"date":"2021-12-29T14:52:54","date_gmt":"2021-12-29T14:52:54","guid":{"rendered":"https:\/\/urlaub.kaprun-talblick.at\/?page_id=134"},"modified":"2024-02-20T18:59:37","modified_gmt":"2024-02-20T18:59:37","slug":"impressum","status":"publish","type":"page","link":"https:\/\/www.kaprun-talblick.at\/en\/impressum\/","title":{"rendered":"Imprint"},"content":{"rendered":"<p><strong>Verantwortlich f\u00fcr den Inhalt:<\/strong><\/p>\n\n\n\n<p>Appartement Haus Talblick<br>Mag. Thomas Rattensperger<br>Schaufelbergstra\u00dfe 53<br>5710 Kaprun<\/p>\n\n\n\n<p>Tel.: +43 664 5036197 \/ +43 664 1233359<br>E-Mail: <a href=\"mailto:info@kaprun-talblick.at\">info@kaprun-talblick.at<\/a><br>Webseite: www.kaprun-talblick.at<br>UID Nr: ATU76698708<\/p>\n\n\n\n<p><\/p>\n\n\n\n<p><strong>Zust\u00e4ndige Kammer:<\/strong> Wirtschaftskammer Salzburg<br><strong>Beh\u00f6rde gem. ECG:<\/strong> Bezirkshauptmannschaft Zell am See<br><strong>Registrierungsnummer:<\/strong> 50606-007375-2021<br><strong>Copyright Design und technische Umsetzung:<\/strong><br>Mag. Thomas Rattensperger<\/p>\n\n\n\n<p><br><strong>Bildmaterial<\/strong><br>Eigene, Zell am See-Kaprun Tourismus GmbH<br><\/p>\n\n\n\n<p><br><strong>Haftung<\/strong><\/p>\n\n\n\n<p>Wir \u00fcbernehmen keine Gew\u00e4hr f\u00fcr Aktualit\u00e4t, Korrektheit, Vollst\u00e4ndigkeit oder eine bestimmte Qualit\u00e4t der bereitgestellten Informationen. Haftungsanspr\u00fcche aufgrund von Sch\u00e4den gleich welcher Art sind ausgeschlossen, sofern von unserer Seite kein vors\u00e4tzliches oder grob fahrl\u00e4ssiges Verschulden vorliegt. Alle Angebote sind freibleibend und unverbindlich. Wir behalten uns ausdr\u00fccklich vor, Teile der Seiten oder das gesamte Angebot ohne gesonderte Ank\u00fcndigung zu ver\u00e4ndern, zu erg\u00e4nzen, zu l\u00f6schen oder die Ver\u00f6ffentlichung zeitweise oder endg\u00fcltig einzustellen.<\/p>\n\n\n\n<p><br><strong>Verweise und Links<\/strong><\/p>\n\n\n\n<p>Wir erkl\u00e4ren ausdr\u00fccklich, dass bei direkten oder indirekten Verweisen auf fremde Internetseiten, die au\u00dferhalb unseres Verantwortungsbereiches liegen, zum Zeitpunkt der Linksetzung die entsprechend verlinkten Seiten frei von rechtswidrigen Inhalten waren. Auf die aktuelle und zuk\u00fcnftige Gestaltung, die Inhalte oder die Urheberschaft der gelinkten bzw. verkn\u00fcpften Seiten haben wir keinen Einfluss. Wir distanzieren uns daher ausdr\u00fccklich von allen Inhalten aller gelinkten bzw. verkn\u00fcpften Seiten, die nach der Linksetzung ver\u00e4ndert wurden. F\u00fcr rechtswidrige, fehlerhafte oder unvollst\u00e4ndige Inhalte und insbesondere f\u00fcr Sch\u00e4den, die aus der Nutzung solcherart dargebotener Informationen entstehen, haftet allein der Anbieter der Webseite, auf welche verwiesen wurde.<\/p>\n\n\n\n<p><br><strong>Urheberrecht<\/strong><\/p>\n\n\n\n<p>Der Inhalt dieser Webseite ist urheberrechtlich gesch\u00fctzt. Die Informationen sind nur f\u00fcr die pers\u00f6nliche Verwendung bestimmt. Jede weitergehende Nutzung, insbesondere die Speicherung in Datenbanken, Vervielf\u00e4ltigung und jede Form von gewerblicher Nutzung sowie die Weitergabe an Dritte auch in Teilen oder in \u00fcberarbeiteter Form ohne Zustimmung ist untersagt.&nbsp;<\/p>\n\n\n\n<p><br><strong>Online-Streitbeilegung<\/strong><\/p>\n\n\n\n<p>Verbraucher haben die M\u00f6glichkeit, Beschwerden an die Online-Streitbeilegungsplattform der EU zu richten: https:\/\/www.ec.europa.eu\/consumers\/odr<\/p>\n\n\n\n<p>Gerne k\u00f6nnen Sie Ihre Beschwerde auch direkt bei uns unter folgender E-Mail-Adresse einbringen: <a href=\"mailto:info@kaprun-talblick.at\">info@kaprun-talblick.at<\/a><\/p>\n\n\n\n<p><br><strong>Sonstiges<\/strong><\/p>\n\n\n\n<p>Sofern Teile oder einzelne Formulierungen dieses Textes der geltenden Rechtslage nicht, nicht mehr oder nicht vollst\u00e4ndig entsprechen sollten, bleiben die \u00fcbrigen Teile des Dokumentes in ihrem Inhalt und ihrer G\u00fcltigkeit davon unber\u00fchrt.<br><br><\/p>\n\n\n\n<p><br><\/p>","protected":false},"excerpt":{"rendered":"<p>Verantwortlich f\u00fcr den Inhalt: Appartement Haus TalblickMag. Thomas RattenspergerSchaufelbergstra\u00dfe 535710 Kaprun Tel.: +43 664 5036197 \/ +43 664 1233359E-Mail: info@kaprun-talblick.atWebseite: www.kaprun-talblick.atUID Nr: ATU76698708 Zust\u00e4ndige Kammer: Wirtschaftskammer SalzburgBeh\u00f6rde gem. ECG: Bezirkshauptmannschaft Zell am SeeRegistrierungsnummer: 50606-007375-2021Copyright Design und technische Umsetzung:Mag. Thomas Rattensperger BildmaterialEigene, Zell am See-Kaprun Tourismus GmbH Haftung Wir \u00fcbernehmen keine [&hellip;]<\/p>\n","protected":false},"author":1,"featured_media":0,"parent":0,"menu_order":0,"comment_status":"closed","ping_status":"closed","template":"","meta":{"ngg_post_thumbnail":0,"footnotes":""},"class_list":["post-134","page","type-page","status-publish","hentry"],"yoast_head":"<!-- This site is optimized with the Yoast SEO plugin v27.4 - https:\/\/yoast.com\/product\/yoast-seo-wordpress\/ -->\n<title>Impressum - Startseite<\/title>\n<meta name=\"robots\" content=\"index, follow, max-snippet:-1, max-image-preview:large, max-video-preview:-1\" \/>\n<link rel=\"canonical\" href=\"https:\/\/www.kaprun-talblick.at\/en\/impressum\/\" \/>\n<meta property=\"og:locale\" content=\"en_GB\" \/>\n<meta property=\"og:type\" content=\"article\" \/>\n<meta property=\"og:title\" content=\"Impressum - Startseite\" \/>\n<meta property=\"og:description\" content=\"Verantwortlich f\u00fcr den Inhalt: Appartement Haus TalblickMag. Thomas RattenspergerSchaufelbergstra\u00dfe 535710 Kaprun Tel.: +43 664 5036197 \/ +43 664 1233359E-Mail: info@kaprun-talblick.atWebseite: www.kaprun-talblick.atUID Nr: ATU76698708 Zust\u00e4ndige Kammer: Wirtschaftskammer SalzburgBeh\u00f6rde gem. ECG: Bezirkshauptmannschaft Zell am SeeRegistrierungsnummer: 50606-007375-2021Copyright Design und technische Umsetzung:Mag. Thomas Rattensperger BildmaterialEigene, Zell am See-Kaprun Tourismus GmbH Haftung Wir \u00fcbernehmen keine [&hellip;]\" \/>\n<meta property=\"og:url\" content=\"https:\/\/www.kaprun-talblick.at\/en\/impressum\/\" \/>\n<meta property=\"og:site_name\" content=\"Startseite\" \/>\n<meta property=\"article:publisher\" content=\"https:\/\/www.facebook.com\/AppartementTalblick\/\" \/>\n<meta property=\"article:modified_time\" content=\"2024-02-20T18:59:37+00:00\" \/>\n<meta name=\"twitter:card\" content=\"summary_large_image\" \/>\n<meta name=\"twitter:label1\" content=\"Estimated reading time\" \/>\n\t<meta name=\"twitter:data1\" content=\"2 minutes\" \/>\n<script type=\"application\/ld+json\" class=\"yoast-schema-graph\">{\"@context\":\"https:\\\/\\\/schema.org\",\"@graph\":[{\"@type\":\"WebPage\",\"@id\":\"https:\\\/\\\/www.kaprun-talblick.at\\\/impressum\\\/\",\"url\":\"https:\\\/\\\/www.kaprun-talblick.at\\\/impressum\\\/\",\"name\":\"Impressum - Startseite\",\"isPartOf\":{\"@id\":\"https:\\\/\\\/www.kaprun-talblick.at\\\/#website\"},\"datePublished\":\"2021-12-29T14:52:54+00:00\",\"dateModified\":\"2024-02-20T18:59:37+00:00\",\"breadcrumb\":{\"@id\":\"https:\\\/\\\/www.kaprun-talblick.at\\\/impressum\\\/#breadcrumb\"},\"inLanguage\":\"en-GB\",\"potentialAction\":[{\"@type\":\"ReadAction\",\"target\":[\"https:\\\/\\\/www.kaprun-talblick.at\\\/impressum\\\/\"]}]},{\"@type\":\"BreadcrumbList\",\"@id\":\"https:\\\/\\\/www.kaprun-talblick.at\\\/impressum\\\/#breadcrumb\",\"itemListElement\":[{\"@type\":\"ListItem\",\"position\":1,\"name\":\"Startseite\",\"item\":\"https:\\\/\\\/www.kaprun-talblick.at\\\/\"},{\"@type\":\"ListItem\",\"position\":2,\"name\":\"Impressum\"}]},{\"@type\":\"WebSite\",\"@id\":\"https:\\\/\\\/www.kaprun-talblick.at\\\/#website\",\"url\":\"https:\\\/\\\/www.kaprun-talblick.at\\\/\",\"name\":\"Startseite\",\"description\":\"Willkommen im Haus Talblick\",\"publisher\":{\"@id\":\"https:\\\/\\\/www.kaprun-talblick.at\\\/#organization\"},\"potentialAction\":[{\"@type\":\"SearchAction\",\"target\":{\"@type\":\"EntryPoint\",\"urlTemplate\":\"https:\\\/\\\/www.kaprun-talblick.at\\\/?s={search_term_string}\"},\"query-input\":{\"@type\":\"PropertyValueSpecification\",\"valueRequired\":true,\"valueName\":\"search_term_string\"}}],\"inLanguage\":\"en-GB\"},{\"@type\":\"Organization\",\"@id\":\"https:\\\/\\\/www.kaprun-talblick.at\\\/#organization\",\"name\":\"Haus Talblick\",\"url\":\"https:\\\/\\\/www.kaprun-talblick.at\\\/\",\"logo\":{\"@type\":\"ImageObject\",\"inLanguage\":\"en-GB\",\"@id\":\"https:\\\/\\\/www.kaprun-talblick.at\\\/#\\\/schema\\\/logo\\\/image\\\/\",\"url\":\"https:\\\/\\\/urlaub.kaprun-talblick.at\\\/wp-content\\\/uploads\\\/2022\\\/01\\\/IMG_20220107_120004-scaled.jpg\",\"contentUrl\":\"https:\\\/\\\/urlaub.kaprun-talblick.at\\\/wp-content\\\/uploads\\\/2022\\\/01\\\/IMG_20220107_120004-scaled.jpg\",\"width\":2560,\"height\":1920,\"caption\":\"Haus Talblick\"},\"image\":{\"@id\":\"https:\\\/\\\/www.kaprun-talblick.at\\\/#\\\/schema\\\/logo\\\/image\\\/\"},\"sameAs\":[\"https:\\\/\\\/www.facebook.com\\\/AppartementTalblick\\\/\"]}]}<\/script>\n<!-- \/ Yoast SEO plugin. -->","yoast_head_json":{"title":"Impressum - Startseite","robots":{"index":"index","follow":"follow","max-snippet":"max-snippet:-1","max-image-preview":"max-image-preview:large","max-video-preview":"max-video-preview:-1"},"canonical":"https:\/\/www.kaprun-talblick.at\/en\/impressum\/","og_locale":"en_GB","og_type":"article","og_title":"Impressum - Startseite","og_description":"Verantwortlich f\u00fcr den Inhalt: Appartement Haus TalblickMag. Thomas RattenspergerSchaufelbergstra\u00dfe 535710 Kaprun Tel.: +43 664 5036197 \/ +43 664 1233359E-Mail: info@kaprun-talblick.atWebseite: www.kaprun-talblick.atUID Nr: ATU76698708 Zust\u00e4ndige Kammer: Wirtschaftskammer SalzburgBeh\u00f6rde gem. ECG: Bezirkshauptmannschaft Zell am SeeRegistrierungsnummer: 50606-007375-2021Copyright Design und technische Umsetzung:Mag. Thomas Rattensperger BildmaterialEigene, Zell am See-Kaprun Tourismus GmbH Haftung Wir \u00fcbernehmen keine [&hellip;]","og_url":"https:\/\/www.kaprun-talblick.at\/en\/impressum\/","og_site_name":"Startseite","article_publisher":"https:\/\/www.facebook.com\/AppartementTalblick\/","article_modified_time":"2024-02-20T18:59:37+00:00","twitter_card":"summary_large_image","twitter_misc":{"Estimated reading time":"2 minutes"},"schema":{"@context":"https:\/\/schema.org","@graph":[{"@type":"WebPage","@id":"https:\/\/www.kaprun-talblick.at\/impressum\/","url":"https:\/\/www.kaprun-talblick.at\/impressum\/","name":"Impressum - Startseite","isPartOf":{"@id":"https:\/\/www.kaprun-talblick.at\/#website"},"datePublished":"2021-12-29T14:52:54+00:00","dateModified":"2024-02-20T18:59:37+00:00","breadcrumb":{"@id":"https:\/\/www.kaprun-talblick.at\/impressum\/#breadcrumb"},"inLanguage":"en-GB","potentialAction":[{"@type":"ReadAction","target":["https:\/\/www.kaprun-talblick.at\/impressum\/"]}]},{"@type":"BreadcrumbList","@id":"https:\/\/www.kaprun-talblick.at\/impressum\/#breadcrumb","itemListElement":[{"@type":"ListItem","position":1,"name":"Startseite","item":"https:\/\/www.kaprun-talblick.at\/"},{"@type":"ListItem","position":2,"name":"Impressum"}]},{"@type":"WebSite","@id":"https:\/\/www.kaprun-talblick.at\/#website","url":"https:\/\/www.kaprun-talblick.at\/","name":"Homepage","description":"Willkommen im Haus Talblick","publisher":{"@id":"https:\/\/www.kaprun-talblick.at\/#organization"},"potentialAction":[{"@type":"SearchAction","target":{"@type":"EntryPoint","urlTemplate":"https:\/\/www.kaprun-talblick.at\/?s={search_term_string}"},"query-input":{"@type":"PropertyValueSpecification","valueRequired":true,"valueName":"search_term_string"}}],"inLanguage":"en-GB"},{"@type":"Organization","@id":"https:\/\/www.kaprun-talblick.at\/#organization","name":"Haus Talblick","url":"https:\/\/www.kaprun-talblick.at\/","logo":{"@type":"ImageObject","inLanguage":"en-GB","@id":"https:\/\/www.kaprun-talblick.at\/#\/schema\/logo\/image\/","url":"https:\/\/urlaub.kaprun-talblick.at\/wp-content\/uploads\/2022\/01\/IMG_20220107_120004-scaled.jpg","contentUrl":"https:\/\/urlaub.kaprun-talblick.at\/wp-content\/uploads\/2022\/01\/IMG_20220107_120004-scaled.jpg","width":2560,"height":1920,"caption":"Haus Talblick"},"image":{"@id":"https:\/\/www.kaprun-talblick.at\/#\/schema\/logo\/image\/"},"sameAs":["https:\/\/www.facebook.com\/AppartementTalblick\/"]}]}},"_links":{"self":[{"href":"https:\/\/www.kaprun-talblick.at\/en\/wp-json\/wp\/v2\/pages\/134","targetHints":{"allow":["GET"]}}],"collection":[{"href":"https:\/\/www.kaprun-talblick.at\/en\/wp-json\/wp\/v2\/pages"}],"about":[{"href":"https:\/\/www.kaprun-talblick.at\/en\/wp-json\/wp\/v2\/types\/page"}],"author":[{"embeddable":true,"href":"https:\/\/www.kaprun-talblick.at\/en\/wp-json\/wp\/v2\/users\/1"}],"replies":[{"embeddable":true,"href":"https:\/\/www.kaprun-talblick.at\/en\/wp-json\/wp\/v2\/comments?post=134"}],"version-history":[{"count":6,"href":"https:\/\/www.kaprun-talblick.at\/en\/wp-json\/wp\/v2\/pages\/134\/revisions"}],"predecessor-version":[{"id":740,"href":"https:\/\/www.kaprun-talblick.at\/en\/wp-json\/wp\/v2\/pages\/134\/revisions\/740"}],"wp:attachment":[{"href":"https:\/\/www.kaprun-talblick.at\/en\/wp-json\/wp\/v2\/media?parent=134"}],"curies":[{"name":"wp","href":"https:\/\/api.w.org\/{rel}","templated":true}]}}