{"id":223,"date":"2021-12-30T08:12:15","date_gmt":"2021-12-30T08:12:15","guid":{"rendered":"https:\/\/urlaub.kaprun-talblick.at\/?page_id=223"},"modified":"2024-02-20T18:43:00","modified_gmt":"2024-02-20T18:43:00","slug":"datenschutz","status":"publish","type":"page","link":"https:\/\/www.kaprun-talblick.at\/en\/datenschutz\/","title":{"rendered":"Data protection declaration"},"content":{"rendered":"<p><strong>Personenbezogene Daten<\/strong><\/p>\n\n\n\n<p>Personenbezogene Daten unterliegen nach der Verordnung (EU) 2016\/679 (DSGVO) einem besonderen Schutz. Grunds\u00e4tzlich erheben, verarbeiten und nutzen wir personenbezogene Daten entweder aufgrund einer Einwilligung, einer gesetzlichen Verpflichtung, zu Zwecken der Vertragserf\u00fcllung oder wenn eine sonstige rechtliche Grundlage gem\u00e4\u00df den Bestimmungen der DSGVO vorliegt. Es werden nur solche personenbezogenen Daten erhoben, die f\u00fcr die Durchf\u00fchrung und Abwicklung des Beherbergungsvertrages und aufgrund gesetzlicher Verpflichtungen erforderlich sind oder freiwillig zur Verf\u00fcgung gestellt wurden.<\/p>\n\n\n\n<p><\/p>\n\n\n\n<p><br><strong>Datenverarbeitung auf unserer Webseite<\/strong><\/p>\n\n\n\n<p>Sobald Sie auf unsere Webseite zugreifen oder diese besuchen, werden Ihre IP-Adresse sowie Beginn und Ende der Sitzung erfasst. Dies ist technisch bedingt und stellt somit ein berechtigtes Interesse im Sinne der Bestimmungen der DSGVO dar.&nbsp;<\/p>\n\n\n\n<p>Personenbezogene Daten \u00fcber die Inanspruchnahme unserer Webseite erheben, verarbeiten und nutzen wir nur, soweit dies erforderlich ist, um dem Nutzer die Inanspruchnahme des Dienstes zu erm\u00f6glichen. Soweit auf unserer Webseite personenbezogene Daten wie beispielsweise Name, Anschrift oder E-Mail-Adresse erhoben werden, erfolgt dies auf freiwilliger Basis und insbesondere zur Bearbeitung Ihrer Anfrage, f\u00fcr Anschlussfragen und gegebenenfalls zur Erstellung von Angeboten.<\/p>\n\n\n\n<p>Unsere Webseite verwendet sogenannte Cookies. Dabei handelt es sich um kleine Textdateien, die mit Hilfe des Browsers auf Ihrem Endger\u00e4t abgelegt werden. Sie richten keinen Schaden an. Wir nutzen Cookies dazu, unser Angebot nutzerfreundlich zu gestalten. Einige Cookies bleiben auf Ihrem Endger\u00e4t gespeichert, bis Sie diese l\u00f6schen. Sie erm\u00f6glichen es uns, Ihren Browser beim n\u00e4chsten Besuch wiederzuerkennen. Wenn Sie dies nicht w\u00fcnschen, so k\u00f6nnen Sie Ihren Browser so einrichten, dass er Sie \u00fcber das Setzen von Cookies informiert und Sie dies nur im Einzelfall erlauben. Bei der Deaktivierung von Cookies kann die Funktionalit\u00e4t unserer Webseite eingeschr\u00e4nkt sein.<\/p>\n\n\n\n<p>Um die Nutzung der Dienste von WordPress.org (\u201cWordPress Emoji\u201d) zu erm\u00f6glichen, werden technische und personenbezogene Daten wie die IP-Adresse an den Dienstanbieter \u00fcbertragen. Die \u00dcbertragung der Daten erfolgt aufgrund der Bestimmungen der DSGVO und zwar aufgrund Ihrer vorherigen Einwilligung. Die Datenschutzerkl\u00e4rung von WordPress.org finden Sie unter <a href=\"https:\/\/de.wordpress.org\/about\/privacy\" target=\"_blank\" rel=\"noreferrer noopener\">https:\/\/de.wordpress.org\/about\/privacy<\/a>.<\/p>\n\n\n\n<p>Um die Nutzung der Services von Fonticons Inc. zu erm\u00f6glichen, werden technische und personenbezogene Daten wie die IP-Adresse an den Dienstanbieter \u00fcbertragen. Die \u00dcbertragung der Daten erfolgt aufgrund der Bestimmungen der DSGVO und zwar aufgrund Ihrer vorherigen Einwilligung. Die Datenschutzerkl\u00e4rung der Fonticons Inc. finden Sie unter <a href=\"https:\/\/fontawesome.com\/privacy\" target=\"_blank\" rel=\"noreferrer noopener\">https:\/\/fontawesome.com\/privacy<\/a>.<\/p>\n\n\n\n<p>Unsere Webseite verwendet das Produkt \u201cGoogle Maps\u201d von Google LLC. Durch die Nutzung der Funktionen dieser Karte werden Daten an Google \u00fcbertragen. Welche Daten von Google erfasst werden und wof\u00fcr diese Daten verwendet werden, finden Sie in der Datenschutzerkl\u00e4rung und den Nutzungsbedingungen von Google unter <a href=\"https:\/\/policies.google.com\/privacy?hl=de\" target=\"_blank\" rel=\"noreferrer noopener\">https:\/\/policies.google.com\/privacy?hl=de<\/a>.<\/p>\n\n\n\n<p><\/p>\n\n\n\n<p><br><strong>Datenverarbeitung im Rahmen des Beherbergungsvertrages<\/strong><\/p>\n\n\n\n<p>Die personenbezogenen Daten, n\u00e4mlich Vor- und Familienname, E-Mail-Adresse, Telefonnummer, Geburtsdatum, Alter, Familienstand, Geschlecht, Staatsangeh\u00f6rigkeit, Herkunftsland und Adresse samt Postleitzahl, die Art, die Nummer, das Ausstellungsdatum und die ausstellende Beh\u00f6rde des Reisedokumentes (Ausweisdaten), das Datum der Ankunft und der Abreise, Bankverbindungen und Kreditkartendaten werden zum Zwecke der Durchf\u00fchrung des Beherbergungsvertrages und der Einhaltung aller damit im Zusammenhang stehenden gesetzlichen Verpflichtungen, wie insbesondere der Meldepflicht und abgabenrechtlicher Pflichten, von uns verarbeitet.<\/p>\n\n\n\n<p>Sie sind nach dem \u00f6sterreichischen Meldegesetz (MeldeG) verpflichtet, sich bei uns mit den in \u00a7\u00a7 5 und 10 MeldeG genannten Daten anzumelden. Dies betrifft Vor- und Familienname, Geburtsdatum, Geschlecht, Staatsangeh\u00f6rigkeit, Herkunftsland und Adresse samt Postleitzahl sowie \u2013 bei ausl\u00e4ndischen G\u00e4sten \u2013 die Art, die Nummer, das Ausstellungsdatum und die ausstellende Beh\u00f6rde des Reisedokumentes sowie das Datum der Ankunft und der Abreise. Wir f\u00fchren diese Daten aufgrund der gesetzlichen Verpflichtung in einem G\u00e4steverzeichnis. Diese Daten werden f\u00fcr die Dauer von 7 Jahren gespeichert, soweit sie nicht f\u00fcr andere Zwecke, die in dieser Datenschutzerkl\u00e4rung genannt sind, l\u00e4nger verarbeitet werden.&nbsp;<\/p>\n\n\n\n<p>Die Einwilligung zur Nutzung Ihrer personenbezogenen Daten kann jederzeit bei uns, Appartement Haus Talblick, Mag. Thomas Rattensperger, Schaufelbergstra\u00dfe 53, 5710 Kaprun unter <a href=\"mailto:info@kaprun-talblick.at\">info@kaprun-talblick.at<\/a> widerrufen werden. Durch den Widerruf wird die Rechtm\u00e4\u00dfigkeit der bis dahin erfolgten Verarbeitung nicht ber\u00fchrt.<\/p>\n\n\n\n<p>Wir bewahren Daten grunds\u00e4tzlich nicht l\u00e4nger auf, als dies zur Erf\u00fcllung der vertraglichen bzw. gesetzlichen Verpflichtungen und zur Abwehr allf\u00e4lliger Anspr\u00fcche erforderlich ist.<\/p>\n\n\n\n<p>Die Weiterleitung Ihrer Daten erfolgt ausschlie\u00dflich aufgrund der Bestimmungen der DSGVO und insbesondere zur Erf\u00fcllung des Beherbergungsvertrages, gesetzlicher Verpflichtungen oder aufgrund Ihrer vorherigen Einwilligung. Die \u00dcbermittlung Ihrer personenbezogenen Daten erfolgt nur in L\u00e4nder, welche \u00fcber ein angemessenes Datenschutzniveau verf\u00fcgen.<\/p>\n\n\n\n<p><\/p>\n\n\n\n<p><br><strong>Datensicherheit und Rechte betroffener Personen<\/strong><\/p>\n\n\n\n<p>Der Schutz Ihrer personenbezogenen Daten erfolgt durch entsprechende organisatorische und technische Vorkehrungen. Diese Vorkehrungen betreffen insbesondere den Schutz vor unerlaubtem, rechtswidrigem oder auch zuf\u00e4lligem Zugriff, Verarbeitung, Verlust, Verwendung und Manipulation. Ungeachtet der Bem\u00fchungen der Einhaltung eines stets angemessen hohen Standes der Sorgfaltsanforderungen kann nicht ausgeschlossen werden, dass Informationen, die Sie uns \u00fcber das Internet bekannt geben, von anderen Personen eingesehen und genutzt werden. Bitte beachten Sie, dass wir daher keine wie immer geartete Haftung f\u00fcr die Offenlegung von Informationen aufgrund nicht von uns verursachten Fehlern bei der Daten\u00fcbertragung und\/oder unautorisiertem Zugriff durch Dritte \u00fcbernehmen (z.B. Hackangriff auf E-Mail-Account bzw. Telefon, Abfangen von Faxen etc.).<\/p>\n\n\n\n<p>Betroffene Personen haben ein Recht auf Auskunft \u00fcber ihre gespeicherten personenbezogenen Daten, deren Herkunft und Empf\u00e4nger sowie den Zweck ihrer Verarbeitung.<\/p>\n\n\n\n<p>Ihnen stehen grunds\u00e4tzlich die Rechte auf Auskunft, Berichtigung, L\u00f6schung, Einschr\u00e4nkung, Daten\u00fcbertragung und Widerspruch zu. Daf\u00fcr wenden Sie sich direkt an uns, Appartement Haus Talblick, Mag. Thomas Rattensperger, Schaufelbergstra\u00dfe 53, 5710 Kaprun, Tel.: +43 664 123 33 59, E-Mail: <a href=\"mailto:info@kaprun-talblick.at\">info@kaprun-talblick.at<\/a>.<\/p>\n\n\n\n<p>Wenn Sie der Meinung sind, dass die Verarbeitung Ihrer Daten gegen das Datenschutzrecht verst\u00f6\u00dft oder Ihre datenschutzrechtlichen Anspr\u00fcche sonst in einer Weise verletzt worden sind, besteht weiters die M\u00f6glichkeit, sich bei der zust\u00e4ndigen Aufsichtsbeh\u00f6rde zu beschweren. In \u00d6sterreich ist die Datenschutzbeh\u00f6rde zust\u00e4ndig (\u00d6sterreichische Datenschutzbeh\u00f6rde, Barichgasse 40-42, 1030 Wien, Telefon: +43 1 52 152-0, E\u2010Mail: dsb@dsb.gv.at).<br><br><\/p>\n\n\n\n<p><\/p>\n\n\n\n<p><\/p>\n\n\n\n<p><\/p>","protected":false},"excerpt":{"rendered":"<p>Personenbezogene Daten Personenbezogene Daten unterliegen nach der Verordnung (EU) 2016\/679 (DSGVO) einem besonderen Schutz. Grunds\u00e4tzlich erheben, verarbeiten und nutzen wir personenbezogene Daten entweder aufgrund einer Einwilligung, einer gesetzlichen Verpflichtung, zu Zwecken der Vertragserf\u00fcllung oder wenn eine sonstige rechtliche Grundlage gem\u00e4\u00df den Bestimmungen der DSGVO vorliegt. Es werden nur solche personenbezogenen [&hellip;]<\/p>\n","protected":false},"author":1,"featured_media":0,"parent":0,"menu_order":0,"comment_status":"closed","ping_status":"closed","template":"","meta":{"ngg_post_thumbnail":0,"footnotes":""},"class_list":["post-223","page","type-page","status-publish","hentry"],"yoast_head":"<!-- This site is optimized with the Yoast SEO plugin v27.3 - https:\/\/yoast.com\/product\/yoast-seo-wordpress\/ -->\n<title>Datenschutz - Startseite<\/title>\n<meta name=\"robots\" content=\"index, follow, max-snippet:-1, max-image-preview:large, max-video-preview:-1\" \/>\n<link rel=\"canonical\" href=\"https:\/\/www.kaprun-talblick.at\/en\/datenschutz\/\" \/>\n<meta property=\"og:locale\" content=\"en_GB\" \/>\n<meta property=\"og:type\" content=\"article\" \/>\n<meta property=\"og:title\" content=\"Datenschutz - Startseite\" \/>\n<meta property=\"og:description\" content=\"Personenbezogene Daten Personenbezogene Daten unterliegen nach der Verordnung (EU) 2016\/679 (DSGVO) einem besonderen Schutz. Grunds\u00e4tzlich erheben, verarbeiten und nutzen wir personenbezogene Daten entweder aufgrund einer Einwilligung, einer gesetzlichen Verpflichtung, zu Zwecken der Vertragserf\u00fcllung oder wenn eine sonstige rechtliche Grundlage gem\u00e4\u00df den Bestimmungen der DSGVO vorliegt. Es werden nur solche personenbezogenen [&hellip;]\" \/>\n<meta property=\"og:url\" content=\"https:\/\/www.kaprun-talblick.at\/en\/datenschutz\/\" \/>\n<meta property=\"og:site_name\" content=\"Startseite\" \/>\n<meta property=\"article:publisher\" content=\"https:\/\/www.facebook.com\/AppartementTalblick\/\" \/>\n<meta property=\"article:modified_time\" content=\"2024-02-20T18:43:00+00:00\" \/>\n<meta name=\"twitter:card\" content=\"summary_large_image\" \/>\n<meta name=\"twitter:label1\" content=\"Estimated reading time\" \/>\n\t<meta name=\"twitter:data1\" content=\"6 minutes\" \/>\n<script type=\"application\/ld+json\" class=\"yoast-schema-graph\">{\"@context\":\"https:\\\/\\\/schema.org\",\"@graph\":[{\"@type\":\"WebPage\",\"@id\":\"https:\\\/\\\/www.kaprun-talblick.at\\\/datenschutz\\\/\",\"url\":\"https:\\\/\\\/www.kaprun-talblick.at\\\/datenschutz\\\/\",\"name\":\"Datenschutz - Startseite\",\"isPartOf\":{\"@id\":\"https:\\\/\\\/www.kaprun-talblick.at\\\/#website\"},\"datePublished\":\"2021-12-30T08:12:15+00:00\",\"dateModified\":\"2024-02-20T18:43:00+00:00\",\"breadcrumb\":{\"@id\":\"https:\\\/\\\/www.kaprun-talblick.at\\\/datenschutz\\\/#breadcrumb\"},\"inLanguage\":\"en-GB\",\"potentialAction\":[{\"@type\":\"ReadAction\",\"target\":[\"https:\\\/\\\/www.kaprun-talblick.at\\\/datenschutz\\\/\"]}]},{\"@type\":\"BreadcrumbList\",\"@id\":\"https:\\\/\\\/www.kaprun-talblick.at\\\/datenschutz\\\/#breadcrumb\",\"itemListElement\":[{\"@type\":\"ListItem\",\"position\":1,\"name\":\"Startseite\",\"item\":\"https:\\\/\\\/www.kaprun-talblick.at\\\/\"},{\"@type\":\"ListItem\",\"position\":2,\"name\":\"Datenschutz\"}]},{\"@type\":\"WebSite\",\"@id\":\"https:\\\/\\\/www.kaprun-talblick.at\\\/#website\",\"url\":\"https:\\\/\\\/www.kaprun-talblick.at\\\/\",\"name\":\"Startseite\",\"description\":\"Willkommen im Haus Talblick\",\"publisher\":{\"@id\":\"https:\\\/\\\/www.kaprun-talblick.at\\\/#organization\"},\"potentialAction\":[{\"@type\":\"SearchAction\",\"target\":{\"@type\":\"EntryPoint\",\"urlTemplate\":\"https:\\\/\\\/www.kaprun-talblick.at\\\/?s={search_term_string}\"},\"query-input\":{\"@type\":\"PropertyValueSpecification\",\"valueRequired\":true,\"valueName\":\"search_term_string\"}}],\"inLanguage\":\"en-GB\"},{\"@type\":\"Organization\",\"@id\":\"https:\\\/\\\/www.kaprun-talblick.at\\\/#organization\",\"name\":\"Haus Talblick\",\"url\":\"https:\\\/\\\/www.kaprun-talblick.at\\\/\",\"logo\":{\"@type\":\"ImageObject\",\"inLanguage\":\"en-GB\",\"@id\":\"https:\\\/\\\/www.kaprun-talblick.at\\\/#\\\/schema\\\/logo\\\/image\\\/\",\"url\":\"https:\\\/\\\/urlaub.kaprun-talblick.at\\\/wp-content\\\/uploads\\\/2022\\\/01\\\/IMG_20220107_120004-scaled.jpg\",\"contentUrl\":\"https:\\\/\\\/urlaub.kaprun-talblick.at\\\/wp-content\\\/uploads\\\/2022\\\/01\\\/IMG_20220107_120004-scaled.jpg\",\"width\":2560,\"height\":1920,\"caption\":\"Haus Talblick\"},\"image\":{\"@id\":\"https:\\\/\\\/www.kaprun-talblick.at\\\/#\\\/schema\\\/logo\\\/image\\\/\"},\"sameAs\":[\"https:\\\/\\\/www.facebook.com\\\/AppartementTalblick\\\/\"]}]}<\/script>\n<!-- \/ Yoast SEO plugin. -->","yoast_head_json":{"title":"Datenschutz - Startseite","robots":{"index":"index","follow":"follow","max-snippet":"max-snippet:-1","max-image-preview":"max-image-preview:large","max-video-preview":"max-video-preview:-1"},"canonical":"https:\/\/www.kaprun-talblick.at\/en\/datenschutz\/","og_locale":"en_GB","og_type":"article","og_title":"Datenschutz - Startseite","og_description":"Personenbezogene Daten Personenbezogene Daten unterliegen nach der Verordnung (EU) 2016\/679 (DSGVO) einem besonderen Schutz. Grunds\u00e4tzlich erheben, verarbeiten und nutzen wir personenbezogene Daten entweder aufgrund einer Einwilligung, einer gesetzlichen Verpflichtung, zu Zwecken der Vertragserf\u00fcllung oder wenn eine sonstige rechtliche Grundlage gem\u00e4\u00df den Bestimmungen der DSGVO vorliegt. Es werden nur solche personenbezogenen [&hellip;]","og_url":"https:\/\/www.kaprun-talblick.at\/en\/datenschutz\/","og_site_name":"Startseite","article_publisher":"https:\/\/www.facebook.com\/AppartementTalblick\/","article_modified_time":"2024-02-20T18:43:00+00:00","twitter_card":"summary_large_image","twitter_misc":{"Estimated reading time":"6 minutes"},"schema":{"@context":"https:\/\/schema.org","@graph":[{"@type":"WebPage","@id":"https:\/\/www.kaprun-talblick.at\/datenschutz\/","url":"https:\/\/www.kaprun-talblick.at\/datenschutz\/","name":"Datenschutz - Startseite","isPartOf":{"@id":"https:\/\/www.kaprun-talblick.at\/#website"},"datePublished":"2021-12-30T08:12:15+00:00","dateModified":"2024-02-20T18:43:00+00:00","breadcrumb":{"@id":"https:\/\/www.kaprun-talblick.at\/datenschutz\/#breadcrumb"},"inLanguage":"en-GB","potentialAction":[{"@type":"ReadAction","target":["https:\/\/www.kaprun-talblick.at\/datenschutz\/"]}]},{"@type":"BreadcrumbList","@id":"https:\/\/www.kaprun-talblick.at\/datenschutz\/#breadcrumb","itemListElement":[{"@type":"ListItem","position":1,"name":"Startseite","item":"https:\/\/www.kaprun-talblick.at\/"},{"@type":"ListItem","position":2,"name":"Datenschutz"}]},{"@type":"WebSite","@id":"https:\/\/www.kaprun-talblick.at\/#website","url":"https:\/\/www.kaprun-talblick.at\/","name":"Homepage","description":"Willkommen im Haus Talblick","publisher":{"@id":"https:\/\/www.kaprun-talblick.at\/#organization"},"potentialAction":[{"@type":"SearchAction","target":{"@type":"EntryPoint","urlTemplate":"https:\/\/www.kaprun-talblick.at\/?s={search_term_string}"},"query-input":{"@type":"PropertyValueSpecification","valueRequired":true,"valueName":"search_term_string"}}],"inLanguage":"en-GB"},{"@type":"Organization","@id":"https:\/\/www.kaprun-talblick.at\/#organization","name":"Haus Talblick","url":"https:\/\/www.kaprun-talblick.at\/","logo":{"@type":"ImageObject","inLanguage":"en-GB","@id":"https:\/\/www.kaprun-talblick.at\/#\/schema\/logo\/image\/","url":"https:\/\/urlaub.kaprun-talblick.at\/wp-content\/uploads\/2022\/01\/IMG_20220107_120004-scaled.jpg","contentUrl":"https:\/\/urlaub.kaprun-talblick.at\/wp-content\/uploads\/2022\/01\/IMG_20220107_120004-scaled.jpg","width":2560,"height":1920,"caption":"Haus Talblick"},"image":{"@id":"https:\/\/www.kaprun-talblick.at\/#\/schema\/logo\/image\/"},"sameAs":["https:\/\/www.facebook.com\/AppartementTalblick\/"]}]}},"_links":{"self":[{"href":"https:\/\/www.kaprun-talblick.at\/en\/wp-json\/wp\/v2\/pages\/223","targetHints":{"allow":["GET"]}}],"collection":[{"href":"https:\/\/www.kaprun-talblick.at\/en\/wp-json\/wp\/v2\/pages"}],"about":[{"href":"https:\/\/www.kaprun-talblick.at\/en\/wp-json\/wp\/v2\/types\/page"}],"author":[{"embeddable":true,"href":"https:\/\/www.kaprun-talblick.at\/en\/wp-json\/wp\/v2\/users\/1"}],"replies":[{"embeddable":true,"href":"https:\/\/www.kaprun-talblick.at\/en\/wp-json\/wp\/v2\/comments?post=223"}],"version-history":[{"count":8,"href":"https:\/\/www.kaprun-talblick.at\/en\/wp-json\/wp\/v2\/pages\/223\/revisions"}],"predecessor-version":[{"id":737,"href":"https:\/\/www.kaprun-talblick.at\/en\/wp-json\/wp\/v2\/pages\/223\/revisions\/737"}],"wp:attachment":[{"href":"https:\/\/www.kaprun-talblick.at\/en\/wp-json\/wp\/v2\/media?parent=223"}],"curies":[{"name":"wp","href":"https:\/\/api.w.org\/{rel}","templated":true}]}}